{"id":772,"date":"2024-01-11T16:55:17","date_gmt":"2024-01-11T15:55:17","guid":{"rendered":"https:\/\/compagnie-l-aime-en-terre.fr\/v2\/?page_id=772"},"modified":"2024-01-11T17:05:34","modified_gmt":"2024-01-11T16:05:34","slug":"nous-contacter-2","status":"publish","type":"page","link":"https:\/\/compagnie-l-aime-en-terre.fr\/v2\/nous-contacter-2\/","title":{"rendered":"Nous contacter"},"content":{"rendered":"<div class=\"wp-block-image\">\n<figure class=\"alignleft size-full is-resized\"><img loading=\"lazy\" decoding=\"async\" width=\"120\" height=\"120\" src=\"https:\/\/compagnie-l-aime-en-terre.fr\/v2\/wp-content\/uploads\/2021\/10\/IMG_1938.jpg\" alt=\"\" class=\"wp-image-29\" style=\"object-fit:cover;width:60px;height:auto\" srcset=\"https:\/\/compagnie-l-aime-en-terre.fr\/v2\/wp-content\/uploads\/2021\/10\/IMG_1938.jpg 120w, https:\/\/compagnie-l-aime-en-terre.fr\/v2\/wp-content\/uploads\/2021\/10\/IMG_1938-88x88.jpg 88w\" sizes=\"auto, (max-width: 120px) 100vw, 120px\" \/><\/figure>\n<\/div>\n\n\n<p><br>Vous pouvez nous contacter gr\u00e2ce au formulaire ci-dessous, ou en t\u00e9l\u00e9phonant au 06 14 86 02 63<\/p>\n\n\n\n<p><\/p>\n\n\n\n<p><\/p>\n\n\n\n<div class=\"wpcf7 no-js\" id=\"wpcf7-f754-o1\" lang=\"fr-FR\" dir=\"ltr\" data-wpcf7-id=\"754\">\n<div class=\"screen-reader-response\"><p role=\"status\" aria-live=\"polite\" aria-atomic=\"true\"><\/p> <ul><\/ul><\/div>\n<form action=\"\/v2\/wp-json\/wp\/v2\/pages\/772#wpcf7-f754-o1\" method=\"post\" class=\"wpcf7-form init wpcf7-acceptance-as-validation\" aria-label=\"Formulaire de contact\" novalidate=\"novalidate\" data-status=\"init\">\n<div style=\"display: none;\">\n<input type=\"hidden\" name=\"_wpcf7\" value=\"754\" \/>\n<input type=\"hidden\" name=\"_wpcf7_version\" value=\"6.0.6\" \/>\n<input type=\"hidden\" name=\"_wpcf7_locale\" value=\"fr_FR\" \/>\n<input type=\"hidden\" name=\"_wpcf7_unit_tag\" value=\"wpcf7-f754-o1\" \/>\n<input type=\"hidden\" name=\"_wpcf7_container_post\" value=\"0\" \/>\n<input type=\"hidden\" name=\"_wpcf7_posted_data_hash\" value=\"\" \/>\n<\/div>\n<p><label> Votre nom : <span class=\"wpcf7-form-control-wrap\" data-name=\"your-name\"><input size=\"40\" maxlength=\"400\" class=\"wpcf7-form-control wpcf7-text wpcf7-validates-as-required\" autocomplete=\"Nom\" aria-required=\"true\" aria-invalid=\"false\" value=\"\" type=\"text\" name=\"your-name\" \/><\/span> <\/label><br \/>\n<label> Votre num\u00e9ro de t\u00e9l\u00e9phone : <span class=\"wpcf7-form-control-wrap\" data-name=\"tel-698\"><input size=\"40\" maxlength=\"400\" class=\"wpcf7-form-control wpcf7-tel wpcf7-validates-as-required wpcf7-text wpcf7-validates-as-tel\" autocomplete=\"Tel\" aria-required=\"true\" aria-invalid=\"false\" value=\"\" type=\"tel\" name=\"tel-698\" \/><\/span> <\/label>\n<\/p>\n<p><label> Votre e-mail : <span class=\"wpcf7-form-control-wrap\" data-name=\"your-email\"><input size=\"40\" maxlength=\"400\" class=\"wpcf7-form-control wpcf7-email wpcf7-validates-as-required wpcf7-text wpcf7-validates-as-email\" autocomplete=\"email\" aria-required=\"true\" aria-invalid=\"false\" value=\"\" type=\"email\" name=\"your-email\" \/><\/span> <\/label>\n<\/p>\n<p><label> Objet : <span class=\"wpcf7-form-control-wrap\" data-name=\"your-subject\"><input size=\"40\" maxlength=\"400\" class=\"wpcf7-form-control wpcf7-text wpcf7-validates-as-required\" aria-required=\"true\" aria-invalid=\"false\" value=\"\" type=\"text\" name=\"your-subject\" \/><\/span> <\/label><br \/>\n<label> Votre message<br \/>\n<span class=\"wpcf7-form-control-wrap\" data-name=\"your-message\"><textarea cols=\"40\" rows=\"10\" maxlength=\"2000\" class=\"wpcf7-form-control wpcf7-textarea\" aria-invalid=\"false\" name=\"your-message\"><\/textarea><\/span> <\/label>\n<\/p>\n<p><label><span class=\"wpcf7-form-control-wrap\" data-name=\"quiz-679\"><label><span class=\"wpcf7-quiz-label\">Merci d&#039;\u00e9crire abracadabra<\/span> <input size=\"40\" class=\"wpcf7-form-control wpcf7-quiz\" autocomplete=\"off\" aria-required=\"true\" aria-invalid=\"false\" type=\"text\" name=\"quiz-679\" \/><\/label><input type=\"hidden\" name=\"_wpcf7_quiz_answer_quiz-679\" value=\"e9b7a0455ce4458f8c2f517b9378e04e\" \/><\/span><\/label>\n<\/p>\n<p>En soumettant ce formulaire, je consens \u00e0 ce que les informations saisies dans ce formulaire soient utilis\u00e9es et trait\u00e9es pour permettre de me recontacter dans le cadre de l'\u00e9change qui d\u00e9coule de ma demande.<label><span class=\"wpcf7-form-control-wrap\" data-name=\"acceptance-684\"><span class=\"wpcf7-form-control wpcf7-acceptance\"><span class=\"wpcf7-list-item\"><input type=\"checkbox\" name=\"acceptance-684\" value=\"1\" aria-invalid=\"false\" \/><\/span><\/span><\/span><\/label>\n<\/p>\n<p><input class=\"wpcf7-form-control wpcf7-submit has-spinner\" type=\"submit\" value=\"Envoyer\" \/>\n<\/p><div class=\"wpcf7-response-output\" aria-hidden=\"true\"><\/div>\n<\/form>\n<\/div>\n\n","protected":false},"excerpt":{"rendered":"<p>Vous pouvez nous contacter gr\u00e2ce au formulaire ci-dessous, ou en t\u00e9l\u00e9phonant au 06 14 86 02 63<\/p>\n","protected":false},"author":2,"featured_media":30,"parent":0,"menu_order":0,"comment_status":"closed","ping_status":"closed","template":"","meta":{"footnotes":""},"class_list":["post-772","page","type-page","status-publish","has-post-thumbnail","hentry"],"yoast_head":"<!-- This site is optimized with the Yoast SEO plugin v25.2 - https:\/\/yoast.com\/wordpress\/plugins\/seo\/ -->\n<title>Nous contacter - La compagnie &quot;L&quot; aime en terre<\/title>\n<meta name=\"robots\" content=\"index, follow, max-snippet:-1, max-image-preview:large, max-video-preview:-1\" \/>\n<link rel=\"canonical\" href=\"https:\/\/compagnie-l-aime-en-terre.fr\/v2\/nous-contacter-2\/\" \/>\n<meta property=\"og:locale\" content=\"fr_FR\" \/>\n<meta property=\"og:type\" content=\"article\" \/>\n<meta property=\"og:title\" content=\"Nous contacter - La compagnie &quot;L&quot; aime en terre\" \/>\n<meta property=\"og:description\" content=\"Vous pouvez nous contacter gr\u00e2ce au formulaire ci-dessous, ou en t\u00e9l\u00e9phonant au 06 14 86 02 63\" \/>\n<meta property=\"og:url\" content=\"https:\/\/compagnie-l-aime-en-terre.fr\/v2\/nous-contacter-2\/\" \/>\n<meta property=\"og:site_name\" content=\"La compagnie &quot;L&quot; aime en terre\" \/>\n<meta property=\"article:publisher\" content=\"https:\/\/www.facebook.com\/laimeenterre\/\" \/>\n<meta property=\"article:modified_time\" content=\"2024-01-11T16:05:34+00:00\" \/>\n<meta property=\"og:image\" content=\"https:\/\/compagnie-l-aime-en-terre.fr\/v2\/wp-content\/uploads\/2021\/10\/IMG_1933.jpg\" \/>\n\t<meta property=\"og:image:width\" content=\"835\" \/>\n\t<meta property=\"og:image:height\" content=\"234\" \/>\n\t<meta property=\"og:image:type\" content=\"image\/jpeg\" \/>\n<meta name=\"twitter:card\" content=\"summary_large_image\" \/>\n<script type=\"application\/ld+json\" class=\"yoast-schema-graph\">{\"@context\":\"https:\/\/schema.org\",\"@graph\":[{\"@type\":\"WebPage\",\"@id\":\"https:\/\/compagnie-l-aime-en-terre.fr\/v2\/nous-contacter-2\/\",\"url\":\"https:\/\/compagnie-l-aime-en-terre.fr\/v2\/nous-contacter-2\/\",\"name\":\"Nous contacter - La compagnie &quot;L&quot; aime en terre\",\"isPartOf\":{\"@id\":\"https:\/\/compagnie-l-aime-en-terre.fr\/v2\/#website\"},\"primaryImageOfPage\":{\"@id\":\"https:\/\/compagnie-l-aime-en-terre.fr\/v2\/nous-contacter-2\/#primaryimage\"},\"image\":{\"@id\":\"https:\/\/compagnie-l-aime-en-terre.fr\/v2\/nous-contacter-2\/#primaryimage\"},\"thumbnailUrl\":\"https:\/\/compagnie-l-aime-en-terre.fr\/v2\/wp-content\/uploads\/2021\/10\/IMG_1933.jpg\",\"datePublished\":\"2024-01-11T15:55:17+00:00\",\"dateModified\":\"2024-01-11T16:05:34+00:00\",\"breadcrumb\":{\"@id\":\"https:\/\/compagnie-l-aime-en-terre.fr\/v2\/nous-contacter-2\/#breadcrumb\"},\"inLanguage\":\"fr-FR\",\"potentialAction\":[{\"@type\":\"ReadAction\",\"target\":[\"https:\/\/compagnie-l-aime-en-terre.fr\/v2\/nous-contacter-2\/\"]}]},{\"@type\":\"ImageObject\",\"inLanguage\":\"fr-FR\",\"@id\":\"https:\/\/compagnie-l-aime-en-terre.fr\/v2\/nous-contacter-2\/#primaryimage\",\"url\":\"https:\/\/compagnie-l-aime-en-terre.fr\/v2\/wp-content\/uploads\/2021\/10\/IMG_1933.jpg\",\"contentUrl\":\"https:\/\/compagnie-l-aime-en-terre.fr\/v2\/wp-content\/uploads\/2021\/10\/IMG_1933.jpg\",\"width\":835,\"height\":234,\"caption\":\"f\u00e9es Laimenterre\"},{\"@type\":\"BreadcrumbList\",\"@id\":\"https:\/\/compagnie-l-aime-en-terre.fr\/v2\/nous-contacter-2\/#breadcrumb\",\"itemListElement\":[{\"@type\":\"ListItem\",\"position\":1,\"name\":\"Accueil\",\"item\":\"https:\/\/compagnie-l-aime-en-terre.fr\/v2\/\"},{\"@type\":\"ListItem\",\"position\":2,\"name\":\"Nous contacter\"}]},{\"@type\":\"WebSite\",\"@id\":\"https:\/\/compagnie-l-aime-en-terre.fr\/v2\/#website\",\"url\":\"https:\/\/compagnie-l-aime-en-terre.fr\/v2\/\",\"name\":\"La compagnie L. aime en terre\",\"description\":\"Th\u00e9\u00e2tre de Rue et de jardins, conteuse, spectacles et ateliers\",\"publisher\":{\"@id\":\"https:\/\/compagnie-l-aime-en-terre.fr\/v2\/#organization\"},\"alternateName\":\"L aime en Terre\",\"potentialAction\":[{\"@type\":\"SearchAction\",\"target\":{\"@type\":\"EntryPoint\",\"urlTemplate\":\"https:\/\/compagnie-l-aime-en-terre.fr\/v2\/?s={search_term_string}\"},\"query-input\":{\"@type\":\"PropertyValueSpecification\",\"valueRequired\":true,\"valueName\":\"search_term_string\"}}],\"inLanguage\":\"fr-FR\"},{\"@type\":\"Organization\",\"@id\":\"https:\/\/compagnie-l-aime-en-terre.fr\/v2\/#organization\",\"name\":\"La compagnie \\\"L\\\" aime en terre\",\"alternateName\":\"L aime en Terre\",\"url\":\"https:\/\/compagnie-l-aime-en-terre.fr\/v2\/\",\"logo\":{\"@type\":\"ImageObject\",\"inLanguage\":\"fr-FR\",\"@id\":\"https:\/\/compagnie-l-aime-en-terre.fr\/v2\/#\/schema\/logo\/image\/\",\"url\":\"https:\/\/compagnie-l-aime-en-terre.fr\/v2\/wp-content\/uploads\/2021\/10\/cropped-IMG_1931.jpg\",\"contentUrl\":\"https:\/\/compagnie-l-aime-en-terre.fr\/v2\/wp-content\/uploads\/2021\/10\/cropped-IMG_1931.jpg\",\"width\":445,\"height\":421,\"caption\":\"La compagnie \\\"L\\\" aime en terre\"},\"image\":{\"@id\":\"https:\/\/compagnie-l-aime-en-terre.fr\/v2\/#\/schema\/logo\/image\/\"},\"sameAs\":[\"https:\/\/www.facebook.com\/laimeenterre\/\",\"https:\/\/www.instagram.com\/laimeenterre\/\"]}]}<\/script>\n<!-- \/ Yoast SEO plugin. -->","yoast_head_json":{"title":"Nous contacter - La compagnie &quot;L&quot; aime en terre","robots":{"index":"index","follow":"follow","max-snippet":"max-snippet:-1","max-image-preview":"max-image-preview:large","max-video-preview":"max-video-preview:-1"},"canonical":"https:\/\/compagnie-l-aime-en-terre.fr\/v2\/nous-contacter-2\/","og_locale":"fr_FR","og_type":"article","og_title":"Nous contacter - La compagnie &quot;L&quot; aime en terre","og_description":"Vous pouvez nous contacter gr\u00e2ce au formulaire ci-dessous, ou en t\u00e9l\u00e9phonant au 06 14 86 02 63","og_url":"https:\/\/compagnie-l-aime-en-terre.fr\/v2\/nous-contacter-2\/","og_site_name":"La compagnie &quot;L&quot; aime en terre","article_publisher":"https:\/\/www.facebook.com\/laimeenterre\/","article_modified_time":"2024-01-11T16:05:34+00:00","og_image":[{"width":835,"height":234,"url":"https:\/\/compagnie-l-aime-en-terre.fr\/v2\/wp-content\/uploads\/2021\/10\/IMG_1933.jpg","type":"image\/jpeg"}],"twitter_card":"summary_large_image","schema":{"@context":"https:\/\/schema.org","@graph":[{"@type":"WebPage","@id":"https:\/\/compagnie-l-aime-en-terre.fr\/v2\/nous-contacter-2\/","url":"https:\/\/compagnie-l-aime-en-terre.fr\/v2\/nous-contacter-2\/","name":"Nous contacter - La compagnie &quot;L&quot; aime en terre","isPartOf":{"@id":"https:\/\/compagnie-l-aime-en-terre.fr\/v2\/#website"},"primaryImageOfPage":{"@id":"https:\/\/compagnie-l-aime-en-terre.fr\/v2\/nous-contacter-2\/#primaryimage"},"image":{"@id":"https:\/\/compagnie-l-aime-en-terre.fr\/v2\/nous-contacter-2\/#primaryimage"},"thumbnailUrl":"https:\/\/compagnie-l-aime-en-terre.fr\/v2\/wp-content\/uploads\/2021\/10\/IMG_1933.jpg","datePublished":"2024-01-11T15:55:17+00:00","dateModified":"2024-01-11T16:05:34+00:00","breadcrumb":{"@id":"https:\/\/compagnie-l-aime-en-terre.fr\/v2\/nous-contacter-2\/#breadcrumb"},"inLanguage":"fr-FR","potentialAction":[{"@type":"ReadAction","target":["https:\/\/compagnie-l-aime-en-terre.fr\/v2\/nous-contacter-2\/"]}]},{"@type":"ImageObject","inLanguage":"fr-FR","@id":"https:\/\/compagnie-l-aime-en-terre.fr\/v2\/nous-contacter-2\/#primaryimage","url":"https:\/\/compagnie-l-aime-en-terre.fr\/v2\/wp-content\/uploads\/2021\/10\/IMG_1933.jpg","contentUrl":"https:\/\/compagnie-l-aime-en-terre.fr\/v2\/wp-content\/uploads\/2021\/10\/IMG_1933.jpg","width":835,"height":234,"caption":"f\u00e9es Laimenterre"},{"@type":"BreadcrumbList","@id":"https:\/\/compagnie-l-aime-en-terre.fr\/v2\/nous-contacter-2\/#breadcrumb","itemListElement":[{"@type":"ListItem","position":1,"name":"Accueil","item":"https:\/\/compagnie-l-aime-en-terre.fr\/v2\/"},{"@type":"ListItem","position":2,"name":"Nous contacter"}]},{"@type":"WebSite","@id":"https:\/\/compagnie-l-aime-en-terre.fr\/v2\/#website","url":"https:\/\/compagnie-l-aime-en-terre.fr\/v2\/","name":"La compagnie L. aime en terre","description":"Th\u00e9\u00e2tre de Rue et de jardins, conteuse, spectacles et ateliers","publisher":{"@id":"https:\/\/compagnie-l-aime-en-terre.fr\/v2\/#organization"},"alternateName":"L aime en Terre","potentialAction":[{"@type":"SearchAction","target":{"@type":"EntryPoint","urlTemplate":"https:\/\/compagnie-l-aime-en-terre.fr\/v2\/?s={search_term_string}"},"query-input":{"@type":"PropertyValueSpecification","valueRequired":true,"valueName":"search_term_string"}}],"inLanguage":"fr-FR"},{"@type":"Organization","@id":"https:\/\/compagnie-l-aime-en-terre.fr\/v2\/#organization","name":"La compagnie \"L\" aime en terre","alternateName":"L aime en Terre","url":"https:\/\/compagnie-l-aime-en-terre.fr\/v2\/","logo":{"@type":"ImageObject","inLanguage":"fr-FR","@id":"https:\/\/compagnie-l-aime-en-terre.fr\/v2\/#\/schema\/logo\/image\/","url":"https:\/\/compagnie-l-aime-en-terre.fr\/v2\/wp-content\/uploads\/2021\/10\/cropped-IMG_1931.jpg","contentUrl":"https:\/\/compagnie-l-aime-en-terre.fr\/v2\/wp-content\/uploads\/2021\/10\/cropped-IMG_1931.jpg","width":445,"height":421,"caption":"La compagnie \"L\" aime en terre"},"image":{"@id":"https:\/\/compagnie-l-aime-en-terre.fr\/v2\/#\/schema\/logo\/image\/"},"sameAs":["https:\/\/www.facebook.com\/laimeenterre\/","https:\/\/www.instagram.com\/laimeenterre\/"]}]}},"_links":{"self":[{"href":"https:\/\/compagnie-l-aime-en-terre.fr\/v2\/wp-json\/wp\/v2\/pages\/772","targetHints":{"allow":["GET"]}}],"collection":[{"href":"https:\/\/compagnie-l-aime-en-terre.fr\/v2\/wp-json\/wp\/v2\/pages"}],"about":[{"href":"https:\/\/compagnie-l-aime-en-terre.fr\/v2\/wp-json\/wp\/v2\/types\/page"}],"author":[{"embeddable":true,"href":"https:\/\/compagnie-l-aime-en-terre.fr\/v2\/wp-json\/wp\/v2\/users\/2"}],"replies":[{"embeddable":true,"href":"https:\/\/compagnie-l-aime-en-terre.fr\/v2\/wp-json\/wp\/v2\/comments?post=772"}],"version-history":[{"count":6,"href":"https:\/\/compagnie-l-aime-en-terre.fr\/v2\/wp-json\/wp\/v2\/pages\/772\/revisions"}],"predecessor-version":[{"id":781,"href":"https:\/\/compagnie-l-aime-en-terre.fr\/v2\/wp-json\/wp\/v2\/pages\/772\/revisions\/781"}],"wp:featuredmedia":[{"embeddable":true,"href":"https:\/\/compagnie-l-aime-en-terre.fr\/v2\/wp-json\/wp\/v2\/media\/30"}],"wp:attachment":[{"href":"https:\/\/compagnie-l-aime-en-terre.fr\/v2\/wp-json\/wp\/v2\/media?parent=772"}],"curies":[{"name":"wp","href":"https:\/\/api.w.org\/{rel}","templated":true}]}}